{"id":2191,"date":"2024-09-19T20:38:44","date_gmt":"2024-09-19T20:38:44","guid":{"rendered":"https:\/\/icsr2024.dk\/?page_id=2191"},"modified":"2024-10-22T13:53:46","modified_gmt":"2024-10-22T13:53:46","slug":"workshops","status":"publish","type":"page","link":"https:\/\/icsr2024.dk\/index.php\/workshops\/","title":{"rendered":"Workshops"},"content":{"rendered":"\n<p>Workshop room assignments:<\/p>\n\n\n\n<figure class=\"wp-block-image size-full is-resized\"><img fetchpriority=\"high\" decoding=\"async\" width=\"612\" height=\"966\" src=\"https:\/\/icsr2024.dk\/wp-content\/uploads\/2024\/10\/image-12.png\" alt=\"\" class=\"wp-image-3179\" style=\"width:612px;height:auto\" srcset=\"https:\/\/icsr2024.dk\/wp-content\/uploads\/2024\/10\/image-12.png 612w, https:\/\/icsr2024.dk\/wp-content\/uploads\/2024\/10\/image-12-190x300.png 190w\" sizes=\"(max-width: 612px) 100vw, 612px\" \/><\/figure>\n\n\n\n<figure class=\"wp-block-image size-full is-resized\"><img decoding=\"async\" width=\"560\" height=\"963\" src=\"https:\/\/icsr2024.dk\/wp-content\/uploads\/2024\/10\/image-13.png\" alt=\"\" class=\"wp-image-3182\" style=\"width:510px;height:auto\" srcset=\"https:\/\/icsr2024.dk\/wp-content\/uploads\/2024\/10\/image-13.png 560w, https:\/\/icsr2024.dk\/wp-content\/uploads\/2024\/10\/image-13-174x300.png 174w\" sizes=\"(max-width: 560px) 100vw, 560px\" \/><\/figure>\n\n\n\n<figure class=\"wp-block-image size-full\"><img decoding=\"async\" width=\"563\" height=\"933\" src=\"https:\/\/icsr2024.dk\/wp-content\/uploads\/2024\/10\/image-14.png\" alt=\"\" class=\"wp-image-3188\" srcset=\"https:\/\/icsr2024.dk\/wp-content\/uploads\/2024\/10\/image-14.png 563w, https:\/\/icsr2024.dk\/wp-content\/uploads\/2024\/10\/image-14-181x300.png 181w\" sizes=\"(max-width: 563px) 100vw, 563px\" \/><\/figure>\n\n\n\n<figure class=\"wp-block-image size-full\"><img loading=\"lazy\" decoding=\"async\" width=\"525\" height=\"959\" src=\"https:\/\/icsr2024.dk\/wp-content\/uploads\/2024\/10\/image-15.png\" alt=\"\" class=\"wp-image-3191\" srcset=\"https:\/\/icsr2024.dk\/wp-content\/uploads\/2024\/10\/image-15.png 525w, https:\/\/icsr2024.dk\/wp-content\/uploads\/2024\/10\/image-15-164x300.png 164w\" sizes=\"(max-width: 525px) 100vw, 525px\" \/><\/figure>\n\n\n\n<figure class=\"wp-block-image size-full\"><img loading=\"lazy\" decoding=\"async\" width=\"651\" height=\"994\" src=\"https:\/\/icsr2024.dk\/wp-content\/uploads\/2024\/10\/image-16.png\" alt=\"\" class=\"wp-image-3194\" srcset=\"https:\/\/icsr2024.dk\/wp-content\/uploads\/2024\/10\/image-16.png 651w, https:\/\/icsr2024.dk\/wp-content\/uploads\/2024\/10\/image-16-196x300.png 196w\" sizes=\"(max-width: 651px) 100vw, 651px\" \/><\/figure>\n\n\n\n<figure class=\"wp-block-image size-full\"><img loading=\"lazy\" decoding=\"async\" width=\"642\" height=\"933\" src=\"https:\/\/icsr2024.dk\/wp-content\/uploads\/2024\/10\/image-17.png\" alt=\"\" class=\"wp-image-3197\" srcset=\"https:\/\/icsr2024.dk\/wp-content\/uploads\/2024\/10\/image-17.png 642w, https:\/\/icsr2024.dk\/wp-content\/uploads\/2024\/10\/image-17-206x300.png 206w\" sizes=\"(max-width: 642px) 100vw, 642px\" \/><\/figure>\n\n\n\n<figure class=\"wp-block-image size-full\"><img loading=\"lazy\" decoding=\"async\" width=\"610\" height=\"927\" src=\"https:\/\/icsr2024.dk\/wp-content\/uploads\/2024\/10\/image-18.png\" alt=\"\" class=\"wp-image-3200\" srcset=\"https:\/\/icsr2024.dk\/wp-content\/uploads\/2024\/10\/image-18.png 610w, https:\/\/icsr2024.dk\/wp-content\/uploads\/2024\/10\/image-18-197x300.png 197w\" sizes=\"(max-width: 610px) 100vw, 610px\" \/><\/figure>\n\n\n\n<p>Workshops will be held on Wednesday, October 23rd at the University of Southern Denmark. See below for workshop descriptions. Here is a preliminary timeline:<\/p>\n\n\n<div class=\"wp-block-image\">\n<figure class=\"aligncenter size-full\"><img loading=\"lazy\" decoding=\"async\" width=\"487\" height=\"717\" src=\"https:\/\/icsr2024.dk\/wp-content\/uploads\/2024\/10\/image-8.png\" alt=\"\" class=\"wp-image-3041\" srcset=\"https:\/\/icsr2024.dk\/wp-content\/uploads\/2024\/10\/image-8.png 487w, https:\/\/icsr2024.dk\/wp-content\/uploads\/2024\/10\/image-8-204x300.png 204w\" sizes=\"(max-width: 487px) 100vw, 487px\" \/><\/figure>\n<\/div>\n\n\n<ul class=\"wp-block-list\">\n<li><strong>W1 &#8211;<a href=\"https:\/\/mcas-proxyweb.mcas.ms\/certificate-checker?login=false&amp;originalUrl=https%3A%2F%2Feur03.safelinks.protection.outlook.com.mcas.ms%2F%3Furl%3Dhttps%253A%252F%252Fwww.roboticscampus.com%252Fen%252Fprojects%252Fthe-impact-of-robotics-education-and-robot-design-on-the-acceptance-of-human-related-robots%252F%26data%3D05%257C02%257Cicsr%2540sdu.dk%257Caea84db84f0d46a80ba508dcdc96737a%257C9a97c27db83e4694b35354bdbf18ab5b%257C0%257C0%257C638627785979210520%257CUnknown%257CTWFpbGZsb3d8eyJWIjoiMC4wLjAwMDAiLCJQIjoiV2luMzIiLCJBTiI6Ik1haWwiLCJXVCI6Mn0%253D%257C0%257C%257C%257C%26sdata%3D8p62NPpTuAqE%252B28AxycUbM4LbRpFvGqH9hzHIhfrvQk%253D%26reserved%3D0%26McasTsid%3D20893&amp;McasCSRF=f4975e986cb3e22a74207f75a18bdd09b3a18360b13a8e2cf3fccb3c7fb14aa0\"> The impact of robotics education and robot design on the acceptance of human-related robots<\/a><br><\/strong>Kimmo V\u00e4nni, HAMK University, Finland<br>Jari Mattila, Hyria Education Ltd., Finland<br>Elisa Utriainen, City of Riihim\u00e4ki, Finland<br>Xiaofeng Xiong, SDU University, Denmark<br><br><\/li>\n\n\n\n<li><strong>W2 &#8211; <a href=\"https:\/\/sites.google.com\/view\/robotfaces\/\">Do Social Robots Need a Face?<\/a><\/strong><br>Chinmaya Mishra, Max Planck Institute for Psycholinguistics, Nijmegen, Netherlands<br>Anuj Nandanwar, iHub and HCI Foundation, Indian Institute of Technology Mandi, Mandi, India<br>Sashikala Mishra, Symbiosis Institute of Technology, Lavale, Pune, India<br>Ashita Ashok, University of Kaiserslautern-Landau (RPTU), Kaiserslautern, Germany<br> <br><\/li>\n\n\n\n<li><strong>W3 &#8211; <a href=\"https:\/\/icsr2024.dk\/wp-content\/uploads\/2024\/09\/W3_Workshop_Fyler.pdf\">Guided Deliberation: Developing a Code of Practice for Ethical HRI<\/a><\/strong><br>Lena Fiedler, Berlin Ethics Lab, Germany<br>Paul Schweidler, Human-Factors Consulting GmbH, Germany<br>Markus Lehnshack, the Institute for Climate Protection, Energy Law and Mobility (IKEM), Germany<br><br><\/li>\n\n\n\n<li><strong>W4 &#8211; <a href=\"https:\/\/sites.google.com\/view\/icsr24workshop-eisirh\/home\">Exploring the Importance of Sociality and Interactivity of Robots in Healthcare<\/a><\/strong><br>Oskar Palinko, University of Southern Denmark, Denmark<br>Leon Bodenhagen, University of Southern Denmark, Denmark<br>Birgitte \u00d8sterg\u00e5rd S\u00f8rensen, Danish Technological Institute, Denmark<br>Louise Halgaard Gotfredsen, Health Innovation Center of Southern Denmark, Denmark<br>Angelina Nikolaeva Wolf, Odense University Hospital, Denmark<br>Francois Michaud, University of Sherbrooke, Canada<br><br><\/li>\n\n\n\n<li><strong>W5 &#8211; <a href=\"https:\/\/mcas-proxyweb.mcas.ms\/certificate-checker?login=false&amp;originalUrl=https%3A%2F%2Feur03.safelinks.protection.outlook.com.mcas.ms%2F%3Furl%3Dhttps%253A%252F%252Fsites.google.com%252Fview%252Fpersonalizedsocialrobotstosupp%252Fhome%253Fauthuser%253D0%26data%3D05%257C02%257Cicsr%2540sdu.dk%257Ccc463e4db6e341bda5f208dcc7307d73%257C9a97c27db83e4694b35354bdbf18ab5b%257C0%257C0%257C638604258300004051%257CUnknown%257CTWFpbGZsb3d8eyJWIjoiMC4wLjAwMDAiLCJQIjoiV2luMzIiLCJBTiI6Ik1haWwiLCJXVCI6Mn0%253D%257C0%257C%257C%257C%26sdata%3DekmcOmXOTZLl0VWE4HcsH5GZtyerm2UUn%252BIMjT8d2ec%253D%26reserved%3D0%26McasTsid%3D20893&amp;McasCSRF=f4975e986cb3e22a74207f75a18bdd09b3a18360b13a8e2cf3fccb3c7fb14aa0\">Personalized Social Robots to Support Successful Aging<\/a><\/strong><br>Maya Krakovski, Ben-Gurion University of the Negev, Israel<br>Shikhar Kumar, Ben-Gurion University of the Negev, Israel<br>Samuel Olatunji, University of Illinois, Urbana-Champaign, USA<br>Yael Edan, Ben-Gurion University (BGU) in Negev, Israel <br><br><\/li>\n\n\n\n<li><strong>W6 &#8211; <a href=\"https:\/\/sites.google.com\/view\/social-presence-for-robots\">Towards novel concepts of social presence for robots<\/a><\/strong><br>Luisa Damiano, IULM University, Italy<br>Belinda Dunstan, University of New South Wales, Australia<br>Rebecca Mannocci, IULM University, Italy<br><br><\/li>\n\n\n\n<li><strong>W7 &#8211; <a href=\"https:\/\/sites.google.com\/view\/icsr2024workshop\/home\">Robotics, AI, and Humans\u2014A Roadmap to Human-Centered Application Development<\/a><\/strong><br>Aur\u00e9lie Clodic, Universite de Toulouse, France<br>Kerstin Fischer, University of Southern Denmark, Denmark<br>Johanna Seibt, Aarhus University, Denmark<br><br><\/li>\n\n\n\n<li><strong>W8 &#8211; <a href=\"https:\/\/sites.google.com\/view\/robottouch\">Robot Touch &#8211; Touching Robotics. Interdisciplinary Perspectives on Robot-Human Touch<\/a><\/strong><br>Jonas J\u00f8rgensen, University of Southern Denmark, Denmark<br>Petra Gemeinboeck, Swinburne University, Melbourne, Australia<br>Rob Saunders, Leiden University, Leiden, The Netherlands<br>Johanna Seibt, Aarhus University, Denmark<br>Elizabeth Jochum, Aalborg University, Denmark<br>Kathrin Maurer, University of Southern Denmark, Denmark <br>Jonas Fritsch, IT University of Copenhagen, Denmark<br><br><\/li>\n\n\n\n<li><strong>W9 &#8211; <a href=\"https:\/\/sites.google.com.mcas.ms\/view\/asimov-2024?usp=sharing\">ASIMOV: Adaptive Social Interaction based on user\u2019s Mental mOdels and behaVior in HRI<\/a><br><\/strong>Mariacarla Staffa, University of Naples Parthenope, Italy<br>Salvatore M. Anzalone, Universit \u0301e Paris 8, France<br>Maryam Alimardani, Vrije Universiteit Amsterdam, The Netherlands<br>Antonio Andriella, Artificial Intelligence Research Institute (IIIA), Spain<br><br><\/li>\n\n\n\n<li><strong>W10 &#8211; <a style=\"font-weight: bold;\" href=\"https:\/\/pullover00.github.io\/ichores_workshop.github.io\/?\">Open Challenges for Household Robotics<\/a><\/strong><br>Bipin Indurkhya, Jagiellonian University, Poland<br>Tessa Pulli, TU Wien, Austria<br>Markus Vincze, TU Wien, Austria<br>Cong Yang, Soochow University, China<br>Matthias Hirschmanner, TU Wien, Vienna, Austria<br>Xela Indurkhya, Tokyo University of Agriculture and Technology, Japan<br>Barbara Sienkiewicz, Jagiellonian University, Poland<br>Antonio Galiza Cerdeira Gonzalez, Jagiellonian University, Poland<\/li>\n<\/ul>\n\n\n\n<h1 class=\"wp-block-heading\">Tutorial<\/h1>\n\n\n\n<ul class=\"wp-block-list\">\n<li><strong>T1 &#8211; <a href=\"https:\/\/mcas-proxyweb.mcas.ms\/certificate-checker?login=false&amp;originalUrl=https%3A%2F%2Feur03.safelinks.protection.outlook.com.mcas.ms%2F%3Furl%3Dhttps%253A%252F%252Fros4hri.github.io%252Fros4hri-tutorials%252Finteractive-social-robots%252Findex.html%26data%3D05%257C02%257Cospa%2540mmmi.sdu.dk%257Ca7033f5a317f4d9daa7308dced12948f%257C9a97c27db83e4694b35354bdbf18ab5b%257C0%257C0%257C638645911269755653%257CUnknown%257CTWFpbGZsb3d8eyJWIjoiMC4wLjAwMDAiLCJQIjoiV2luMzIiLCJBTiI6Ik1haWwiLCJXVCI6Mn0%253D%257C0%257C%257C%257C%26sdata%3Dh7reKxjPds%252Bn5rP2flZRLGqfRQz6a8zXnhZCuq8VK5I%253D%26reserved%3D0%26McasTsid%3D20893&amp;McasCSRF=f4975e986cb3e22a74207f75a18bdd09b3a18360b13a8e2cf3fccb3c7fb14aa0\">ROS for Social Robotics<\/a><\/strong><br>Severin Lemaignan, PAL Robotics, Spain<\/li>\n<\/ul>\n\n\n\n<p><\/p>\n","protected":false},"excerpt":{"rendered":"<p>Workshop room assignments: Workshops will be held on Wednesday, October 23rd at the University of Southern Denmark. See below for workshop descriptions. Here is a preliminary timeline: Tutorial<\/p>\n","protected":false},"author":2,"featured_media":0,"parent":0,"menu_order":0,"comment_status":"closed","ping_status":"closed","template":"","meta":{"footnotes":""},"class_list":["post-2191","page","type-page","status-publish"],"yoast_head":"<!-- This site is optimized with the Yoast SEO plugin v27.4 - https:\/\/yoast.com\/product\/yoast-seo-wordpress\/ -->\n<title>Workshops - 16th International Conference on Social Robotics - ICSR24<\/title>\n<meta name=\"description\" content=\"16th International Conference on Social Robotics - ICSR24\" \/>\n<meta name=\"robots\" content=\"index, follow, max-snippet:-1, max-image-preview:large, max-video-preview:-1\" \/>\n<link rel=\"canonical\" href=\"https:\/\/icsr2024.dk\/index.php\/workshops\/\" \/>\n<meta property=\"og:locale\" content=\"en_US\" \/>\n<meta property=\"og:type\" content=\"article\" \/>\n<meta property=\"og:title\" content=\"Workshops - 16th International Conference on Social Robotics - ICSR24\" \/>\n<meta property=\"og:description\" content=\"16th International Conference on Social Robotics - ICSR24\" \/>\n<meta property=\"og:url\" content=\"https:\/\/icsr2024.dk\/index.php\/workshops\/\" \/>\n<meta property=\"og:site_name\" content=\"16th International Conference on Social Robotics - ICSR24\" \/>\n<meta property=\"article:modified_time\" content=\"2024-10-22T13:53:46+00:00\" \/>\n<meta property=\"og:image\" content=\"https:\/\/icsr2024.dk\/wp-content\/uploads\/2024\/10\/image-12.png\" \/>\n\t<meta property=\"og:image:width\" content=\"612\" \/>\n\t<meta property=\"og:image:height\" content=\"966\" \/>\n\t<meta property=\"og:image:type\" content=\"image\/png\" \/>\n<meta name=\"twitter:card\" content=\"summary_large_image\" \/>\n<meta name=\"twitter:label1\" content=\"Est. reading time\" \/>\n\t<meta name=\"twitter:data1\" content=\"4 minutes\" \/>\n<script type=\"application\/ld+json\" class=\"yoast-schema-graph\">{\"@context\":\"https:\\\/\\\/schema.org\",\"@graph\":[{\"@type\":\"WebPage\",\"@id\":\"https:\\\/\\\/icsr2024.dk\\\/index.php\\\/workshops\\\/\",\"url\":\"https:\\\/\\\/icsr2024.dk\\\/index.php\\\/workshops\\\/\",\"name\":\"Workshops - 16th International Conference on Social Robotics - ICSR24\",\"isPartOf\":{\"@id\":\"https:\\\/\\\/icsr2024.dk\\\/#website\"},\"primaryImageOfPage\":{\"@id\":\"https:\\\/\\\/icsr2024.dk\\\/index.php\\\/workshops\\\/#primaryimage\"},\"image\":{\"@id\":\"https:\\\/\\\/icsr2024.dk\\\/index.php\\\/workshops\\\/#primaryimage\"},\"thumbnailUrl\":\"https:\\\/\\\/icsr2024.dk\\\/wp-content\\\/uploads\\\/2024\\\/10\\\/image-12.png\",\"datePublished\":\"2024-09-19T20:38:44+00:00\",\"dateModified\":\"2024-10-22T13:53:46+00:00\",\"description\":\"16th International Conference on Social Robotics - ICSR24\",\"breadcrumb\":{\"@id\":\"https:\\\/\\\/icsr2024.dk\\\/index.php\\\/workshops\\\/#breadcrumb\"},\"inLanguage\":\"en-US\",\"potentialAction\":[{\"@type\":\"ReadAction\",\"target\":[\"https:\\\/\\\/icsr2024.dk\\\/index.php\\\/workshops\\\/\"]}]},{\"@type\":\"ImageObject\",\"inLanguage\":\"en-US\",\"@id\":\"https:\\\/\\\/icsr2024.dk\\\/index.php\\\/workshops\\\/#primaryimage\",\"url\":\"https:\\\/\\\/icsr2024.dk\\\/wp-content\\\/uploads\\\/2024\\\/10\\\/image-12.png\",\"contentUrl\":\"https:\\\/\\\/icsr2024.dk\\\/wp-content\\\/uploads\\\/2024\\\/10\\\/image-12.png\",\"width\":612,\"height\":966},{\"@type\":\"BreadcrumbList\",\"@id\":\"https:\\\/\\\/icsr2024.dk\\\/index.php\\\/workshops\\\/#breadcrumb\",\"itemListElement\":[{\"@type\":\"ListItem\",\"position\":1,\"name\":\"Home\",\"item\":\"https:\\\/\\\/icsr2024.dk\\\/\"},{\"@type\":\"ListItem\",\"position\":2,\"name\":\"Workshops\"}]},{\"@type\":\"WebSite\",\"@id\":\"https:\\\/\\\/icsr2024.dk\\\/#website\",\"url\":\"https:\\\/\\\/icsr2024.dk\\\/\",\"name\":\"16th International Conference on Social Robotics - ICSR'24\",\"description\":\"Empowering Humanity: The Role of Social and Collaborative Robotics in Shaping Our Future\",\"publisher\":{\"@id\":\"https:\\\/\\\/icsr2024.dk\\\/#organization\"},\"alternateName\":\"ICSR2024\",\"potentialAction\":[{\"@type\":\"SearchAction\",\"target\":{\"@type\":\"EntryPoint\",\"urlTemplate\":\"https:\\\/\\\/icsr2024.dk\\\/?s={search_term_string}\"},\"query-input\":{\"@type\":\"PropertyValueSpecification\",\"valueRequired\":true,\"valueName\":\"search_term_string\"}}],\"inLanguage\":\"en-US\"},{\"@type\":\"Organization\",\"@id\":\"https:\\\/\\\/icsr2024.dk\\\/#organization\",\"name\":\"16th International Conference on Social Robotics - ICSR'24\",\"url\":\"https:\\\/\\\/icsr2024.dk\\\/\",\"logo\":{\"@type\":\"ImageObject\",\"inLanguage\":\"en-US\",\"@id\":\"https:\\\/\\\/icsr2024.dk\\\/#\\\/schema\\\/logo\\\/image\\\/\",\"url\":\"https:\\\/\\\/icsr2024.dk\\\/wp-content\\\/uploads\\\/2024\\\/02\\\/logo7_blue.png\",\"contentUrl\":\"https:\\\/\\\/icsr2024.dk\\\/wp-content\\\/uploads\\\/2024\\\/02\\\/logo7_blue.png\",\"width\":637,\"height\":492,\"caption\":\"16th International Conference on Social Robotics - ICSR'24\"},\"image\":{\"@id\":\"https:\\\/\\\/icsr2024.dk\\\/#\\\/schema\\\/logo\\\/image\\\/\"},\"sameAs\":[\"https:\\\/\\\/www.linkedin.com\\\/company\\\/icsr24\"]}]}<\/script>\n<!-- \/ Yoast SEO plugin. -->","yoast_head_json":{"title":"Workshops - 16th International Conference on Social Robotics - ICSR24","description":"16th International Conference on Social Robotics - ICSR24","robots":{"index":"index","follow":"follow","max-snippet":"max-snippet:-1","max-image-preview":"max-image-preview:large","max-video-preview":"max-video-preview:-1"},"canonical":"https:\/\/icsr2024.dk\/index.php\/workshops\/","og_locale":"en_US","og_type":"article","og_title":"Workshops - 16th International Conference on Social Robotics - ICSR24","og_description":"16th International Conference on Social Robotics - ICSR24","og_url":"https:\/\/icsr2024.dk\/index.php\/workshops\/","og_site_name":"16th International Conference on Social Robotics - ICSR24","article_modified_time":"2024-10-22T13:53:46+00:00","og_image":[{"width":612,"height":966,"url":"https:\/\/icsr2024.dk\/wp-content\/uploads\/2024\/10\/image-12.png","type":"image\/png"}],"twitter_card":"summary_large_image","twitter_misc":{"Est. reading time":"4 minutes"},"schema":{"@context":"https:\/\/schema.org","@graph":[{"@type":"WebPage","@id":"https:\/\/icsr2024.dk\/index.php\/workshops\/","url":"https:\/\/icsr2024.dk\/index.php\/workshops\/","name":"Workshops - 16th International Conference on Social Robotics - ICSR24","isPartOf":{"@id":"https:\/\/icsr2024.dk\/#website"},"primaryImageOfPage":{"@id":"https:\/\/icsr2024.dk\/index.php\/workshops\/#primaryimage"},"image":{"@id":"https:\/\/icsr2024.dk\/index.php\/workshops\/#primaryimage"},"thumbnailUrl":"https:\/\/icsr2024.dk\/wp-content\/uploads\/2024\/10\/image-12.png","datePublished":"2024-09-19T20:38:44+00:00","dateModified":"2024-10-22T13:53:46+00:00","description":"16th International Conference on Social Robotics - ICSR24","breadcrumb":{"@id":"https:\/\/icsr2024.dk\/index.php\/workshops\/#breadcrumb"},"inLanguage":"en-US","potentialAction":[{"@type":"ReadAction","target":["https:\/\/icsr2024.dk\/index.php\/workshops\/"]}]},{"@type":"ImageObject","inLanguage":"en-US","@id":"https:\/\/icsr2024.dk\/index.php\/workshops\/#primaryimage","url":"https:\/\/icsr2024.dk\/wp-content\/uploads\/2024\/10\/image-12.png","contentUrl":"https:\/\/icsr2024.dk\/wp-content\/uploads\/2024\/10\/image-12.png","width":612,"height":966},{"@type":"BreadcrumbList","@id":"https:\/\/icsr2024.dk\/index.php\/workshops\/#breadcrumb","itemListElement":[{"@type":"ListItem","position":1,"name":"Home","item":"https:\/\/icsr2024.dk\/"},{"@type":"ListItem","position":2,"name":"Workshops"}]},{"@type":"WebSite","@id":"https:\/\/icsr2024.dk\/#website","url":"https:\/\/icsr2024.dk\/","name":"16th International Conference on Social Robotics - ICSR'24","description":"Empowering Humanity: The Role of Social and Collaborative Robotics in Shaping Our Future","publisher":{"@id":"https:\/\/icsr2024.dk\/#organization"},"alternateName":"ICSR2024","potentialAction":[{"@type":"SearchAction","target":{"@type":"EntryPoint","urlTemplate":"https:\/\/icsr2024.dk\/?s={search_term_string}"},"query-input":{"@type":"PropertyValueSpecification","valueRequired":true,"valueName":"search_term_string"}}],"inLanguage":"en-US"},{"@type":"Organization","@id":"https:\/\/icsr2024.dk\/#organization","name":"16th International Conference on Social Robotics - ICSR'24","url":"https:\/\/icsr2024.dk\/","logo":{"@type":"ImageObject","inLanguage":"en-US","@id":"https:\/\/icsr2024.dk\/#\/schema\/logo\/image\/","url":"https:\/\/icsr2024.dk\/wp-content\/uploads\/2024\/02\/logo7_blue.png","contentUrl":"https:\/\/icsr2024.dk\/wp-content\/uploads\/2024\/02\/logo7_blue.png","width":637,"height":492,"caption":"16th International Conference on Social Robotics - ICSR'24"},"image":{"@id":"https:\/\/icsr2024.dk\/#\/schema\/logo\/image\/"},"sameAs":["https:\/\/www.linkedin.com\/company\/icsr24"]}]}},"_links":{"self":[{"href":"https:\/\/icsr2024.dk\/index.php\/wp-json\/wp\/v2\/pages\/2191","targetHints":{"allow":["GET"]}}],"collection":[{"href":"https:\/\/icsr2024.dk\/index.php\/wp-json\/wp\/v2\/pages"}],"about":[{"href":"https:\/\/icsr2024.dk\/index.php\/wp-json\/wp\/v2\/types\/page"}],"author":[{"embeddable":true,"href":"https:\/\/icsr2024.dk\/index.php\/wp-json\/wp\/v2\/users\/2"}],"replies":[{"embeddable":true,"href":"https:\/\/icsr2024.dk\/index.php\/wp-json\/wp\/v2\/comments?post=2191"}],"version-history":[{"count":30,"href":"https:\/\/icsr2024.dk\/index.php\/wp-json\/wp\/v2\/pages\/2191\/revisions"}],"predecessor-version":[{"id":3203,"href":"https:\/\/icsr2024.dk\/index.php\/wp-json\/wp\/v2\/pages\/2191\/revisions\/3203"}],"wp:attachment":[{"href":"https:\/\/icsr2024.dk\/index.php\/wp-json\/wp\/v2\/media?parent=2191"}],"curies":[{"name":"wp","href":"https:\/\/api.w.org\/{rel}","templated":true}]}}